{"id":34,"date":"2014-10-13T08:11:41","date_gmt":"2014-10-13T08:11:41","guid":{"rendered":"http:\/\/themes.muffingroup.com\/be\/agency\/?page_id=34"},"modified":"2023-09-30T16:37:31","modified_gmt":"2023-09-30T16:37:31","slug":"our-team","status":"publish","type":"page","link":"https:\/\/lucherramentales.com.mx\/index.php\/our-team\/","title":{"rendered":"Nuestros clientes"},"content":{"rendered":"","protected":false},"excerpt":{"rendered":"","protected":false},"author":1,"featured_media":0,"parent":0,"menu_order":0,"comment_status":"open","ping_status":"closed","template":"","meta":{"_joinchat":[],"footnotes":""},"class_list":["post-34","page","type-page","status-publish","hentry"],"yoast_head":"<!-- This site is optimized with the Yoast SEO plugin v23.7 - https:\/\/yoast.com\/wordpress\/plugins\/seo\/ -->\n<title>Nuestros clientes - lucherramentales<\/title>\n<meta name=\"robots\" content=\"index, follow, max-snippet:-1, max-image-preview:large, max-video-preview:-1\" \/>\n<link rel=\"canonical\" href=\"https:\/\/lucherramentales.com.mx\/index.php\/our-team\/\" \/>\n<meta property=\"og:locale\" content=\"es_ES\" \/>\n<meta property=\"og:type\" content=\"article\" \/>\n<meta property=\"og:title\" content=\"Nuestros clientes - lucherramentales\" \/>\n<meta property=\"og:url\" content=\"https:\/\/lucherramentales.com.mx\/index.php\/our-team\/\" \/>\n<meta property=\"og:site_name\" content=\"lucherramentales\" \/>\n<meta property=\"article:publisher\" content=\"https:\/\/www.facebook.com\/people\/Luc-Herramentales\/pfbid02pNX6svMzQqQNyKdSXQ71Z64oZnek9K9E9JkfnzfFXf7wcsZFs8JW7qh2S3etUNSpl\/\" \/>\n<meta property=\"article:modified_time\" content=\"2023-09-30T16:37:31+00:00\" \/>\n<meta name=\"twitter:card\" content=\"summary_large_image\" \/>\n<script type=\"application\/ld+json\" class=\"yoast-schema-graph\">{\"@context\":\"https:\/\/schema.org\",\"@graph\":[{\"@type\":\"WebPage\",\"@id\":\"https:\/\/lucherramentales.com.mx\/index.php\/our-team\/\",\"url\":\"https:\/\/lucherramentales.com.mx\/index.php\/our-team\/\",\"name\":\"Nuestros clientes - lucherramentales\",\"isPartOf\":{\"@id\":\"https:\/\/lucherramentales.com.mx\/#website\"},\"datePublished\":\"2014-10-13T08:11:41+00:00\",\"dateModified\":\"2023-09-30T16:37:31+00:00\",\"breadcrumb\":{\"@id\":\"https:\/\/lucherramentales.com.mx\/index.php\/our-team\/#breadcrumb\"},\"inLanguage\":\"es\",\"potentialAction\":[{\"@type\":\"ReadAction\",\"target\":[\"https:\/\/lucherramentales.com.mx\/index.php\/our-team\/\"]}]},{\"@type\":\"BreadcrumbList\",\"@id\":\"https:\/\/lucherramentales.com.mx\/index.php\/our-team\/#breadcrumb\",\"itemListElement\":[{\"@type\":\"ListItem\",\"position\":1,\"name\":\"Portada\",\"item\":\"https:\/\/lucherramentales.com.mx\/\"},{\"@type\":\"ListItem\",\"position\":2,\"name\":\"Nuestros clientes\"}]},{\"@type\":\"WebSite\",\"@id\":\"https:\/\/lucherramentales.com.mx\/#website\",\"url\":\"https:\/\/lucherramentales.com.mx\/\",\"name\":\"lucherramentales\",\"description\":\"Somos una empresa innovadora dedicada a Maquinado de piezas para la industria, Construcci\u00f3n de estructuras, Maquila de inyecci\u00f3n de pl\u00e1stico y Fabricaci\u00f3n, Mantenimiento y  Reparaci\u00f3n de moldes.\",\"publisher\":{\"@id\":\"https:\/\/lucherramentales.com.mx\/#organization\"},\"alternateName\":\"luc herramantales\",\"potentialAction\":[{\"@type\":\"SearchAction\",\"target\":{\"@type\":\"EntryPoint\",\"urlTemplate\":\"https:\/\/lucherramentales.com.mx\/?s={search_term_string}\"},\"query-input\":{\"@type\":\"PropertyValueSpecification\",\"valueRequired\":true,\"valueName\":\"search_term_string\"}}],\"inLanguage\":\"es\"},{\"@type\":\"Organization\",\"@id\":\"https:\/\/lucherramentales.com.mx\/#organization\",\"name\":\"lucherramentales\",\"url\":\"https:\/\/lucherramentales.com.mx\/\",\"logo\":{\"@type\":\"ImageObject\",\"inLanguage\":\"es\",\"@id\":\"https:\/\/lucherramentales.com.mx\/#\/schema\/logo\/image\/\",\"url\":\"https:\/\/lucherramentales.com.mx\/wp-content\/uploads\/2023\/09\/luc-logo-g.png\",\"contentUrl\":\"https:\/\/lucherramentales.com.mx\/wp-content\/uploads\/2023\/09\/luc-logo-g.png\",\"width\":250,\"height\":67,\"caption\":\"lucherramentales\"},\"image\":{\"@id\":\"https:\/\/lucherramentales.com.mx\/#\/schema\/logo\/image\/\"},\"sameAs\":[\"https:\/\/www.facebook.com\/people\/Luc-Herramentales\/pfbid02pNX6svMzQqQNyKdSXQ71Z64oZnek9K9E9JkfnzfFXf7wcsZFs8JW7qh2S3etUNSpl\/\",\"https:\/\/www.instagram.com\/luc_herramentales\/\"]}]}<\/script>\n<!-- \/ Yoast SEO plugin. -->","yoast_head_json":{"title":"Nuestros clientes - lucherramentales","robots":{"index":"index","follow":"follow","max-snippet":"max-snippet:-1","max-image-preview":"max-image-preview:large","max-video-preview":"max-video-preview:-1"},"canonical":"https:\/\/lucherramentales.com.mx\/index.php\/our-team\/","og_locale":"es_ES","og_type":"article","og_title":"Nuestros clientes - lucherramentales","og_url":"https:\/\/lucherramentales.com.mx\/index.php\/our-team\/","og_site_name":"lucherramentales","article_publisher":"https:\/\/www.facebook.com\/people\/Luc-Herramentales\/pfbid02pNX6svMzQqQNyKdSXQ71Z64oZnek9K9E9JkfnzfFXf7wcsZFs8JW7qh2S3etUNSpl\/","article_modified_time":"2023-09-30T16:37:31+00:00","twitter_card":"summary_large_image","schema":{"@context":"https:\/\/schema.org","@graph":[{"@type":"WebPage","@id":"https:\/\/lucherramentales.com.mx\/index.php\/our-team\/","url":"https:\/\/lucherramentales.com.mx\/index.php\/our-team\/","name":"Nuestros clientes - lucherramentales","isPartOf":{"@id":"https:\/\/lucherramentales.com.mx\/#website"},"datePublished":"2014-10-13T08:11:41+00:00","dateModified":"2023-09-30T16:37:31+00:00","breadcrumb":{"@id":"https:\/\/lucherramentales.com.mx\/index.php\/our-team\/#breadcrumb"},"inLanguage":"es","potentialAction":[{"@type":"ReadAction","target":["https:\/\/lucherramentales.com.mx\/index.php\/our-team\/"]}]},{"@type":"BreadcrumbList","@id":"https:\/\/lucherramentales.com.mx\/index.php\/our-team\/#breadcrumb","itemListElement":[{"@type":"ListItem","position":1,"name":"Portada","item":"https:\/\/lucherramentales.com.mx\/"},{"@type":"ListItem","position":2,"name":"Nuestros clientes"}]},{"@type":"WebSite","@id":"https:\/\/lucherramentales.com.mx\/#website","url":"https:\/\/lucherramentales.com.mx\/","name":"lucherramentales","description":"Somos una empresa innovadora dedicada a Maquinado de piezas para la industria, Construcci\u00f3n de estructuras, Maquila de inyecci\u00f3n de pl\u00e1stico y Fabricaci\u00f3n, Mantenimiento y  Reparaci\u00f3n de moldes.","publisher":{"@id":"https:\/\/lucherramentales.com.mx\/#organization"},"alternateName":"luc herramantales","potentialAction":[{"@type":"SearchAction","target":{"@type":"EntryPoint","urlTemplate":"https:\/\/lucherramentales.com.mx\/?s={search_term_string}"},"query-input":{"@type":"PropertyValueSpecification","valueRequired":true,"valueName":"search_term_string"}}],"inLanguage":"es"},{"@type":"Organization","@id":"https:\/\/lucherramentales.com.mx\/#organization","name":"lucherramentales","url":"https:\/\/lucherramentales.com.mx\/","logo":{"@type":"ImageObject","inLanguage":"es","@id":"https:\/\/lucherramentales.com.mx\/#\/schema\/logo\/image\/","url":"https:\/\/lucherramentales.com.mx\/wp-content\/uploads\/2023\/09\/luc-logo-g.png","contentUrl":"https:\/\/lucherramentales.com.mx\/wp-content\/uploads\/2023\/09\/luc-logo-g.png","width":250,"height":67,"caption":"lucherramentales"},"image":{"@id":"https:\/\/lucherramentales.com.mx\/#\/schema\/logo\/image\/"},"sameAs":["https:\/\/www.facebook.com\/people\/Luc-Herramentales\/pfbid02pNX6svMzQqQNyKdSXQ71Z64oZnek9K9E9JkfnzfFXf7wcsZFs8JW7qh2S3etUNSpl\/","https:\/\/www.instagram.com\/luc_herramentales\/"]}]}},"_links":{"self":[{"href":"https:\/\/lucherramentales.com.mx\/index.php\/wp-json\/wp\/v2\/pages\/34","targetHints":{"allow":["GET"]}}],"collection":[{"href":"https:\/\/lucherramentales.com.mx\/index.php\/wp-json\/wp\/v2\/pages"}],"about":[{"href":"https:\/\/lucherramentales.com.mx\/index.php\/wp-json\/wp\/v2\/types\/page"}],"author":[{"embeddable":true,"href":"https:\/\/lucherramentales.com.mx\/index.php\/wp-json\/wp\/v2\/users\/1"}],"replies":[{"embeddable":true,"href":"https:\/\/lucherramentales.com.mx\/index.php\/wp-json\/wp\/v2\/comments?post=34"}],"version-history":[{"count":4,"href":"https:\/\/lucherramentales.com.mx\/index.php\/wp-json\/wp\/v2\/pages\/34\/revisions"}],"predecessor-version":[{"id":191,"href":"https:\/\/lucherramentales.com.mx\/index.php\/wp-json\/wp\/v2\/pages\/34\/revisions\/191"}],"wp:attachment":[{"href":"https:\/\/lucherramentales.com.mx\/index.php\/wp-json\/wp\/v2\/media?parent=34"}],"curies":[{"name":"wp","href":"https:\/\/api.w.org\/{rel}","templated":true}]}}